{"id":1376,"date":"2026-01-07T04:57:00","date_gmt":"2026-01-07T04:57:00","guid":{"rendered":"https:\/\/places.sca-caid.org\/wintermist\/?page_id=1376"},"modified":"2026-01-07T05:49:10","modified_gmt":"2026-01-07T05:49:10","slug":"1376-2","status":"publish","type":"page","link":"https:\/\/places.sca-caid.org\/wintermist\/1376-2\/","title":{"rendered":"Baronial Champions"},"content":{"rendered":"<p>[et_pb_section fb_built=&#8221;1&#8243; _builder_version=&#8221;4.27.5&#8243; _module_preset=&#8221;default&#8221; background_image=&#8221;http:\/\/places.sca-caid.org\/wintermist\/wp-content\/uploads\/sites\/13\/2025\/12\/Parchment.jpg&#8221; global_colors_info=&#8221;{}&#8221;][et_pb_row _builder_version=&#8221;4.27.5&#8243; _module_preset=&#8221;default&#8221; custom_margin=&#8221;0px||0px||false|false&#8221; custom_padding=&#8221;0px||0px||false|false&#8221; global_colors_info=&#8221;{}&#8221;][et_pb_column type=&#8221;4_4&#8243; _builder_version=&#8221;4.27.5&#8243; _module_preset=&#8221;default&#8221; global_colors_info=&#8221;{}&#8221;][df_adh_heading title_infix=&#8221;Baronial Champions&#8221; _builder_version=&#8221;4.27.5&#8243; _module_preset=&#8221;default&#8221; title_level=&#8221;h1&#8243; title_font=&#8221;|700|||||||&#8221; title_text_align=&#8221;center&#8221; title_text_color=&#8221;#000000&#8243; title_font_size=&#8221;60px&#8221; global_colors_info=&#8221;{}&#8221;][\/df_adh_heading][\/et_pb_column][\/et_pb_row][et_pb_row _builder_version=&#8221;4.27.5&#8243; _module_preset=&#8221;default&#8221; custom_margin=&#8221;0px||0px||false|false&#8221; custom_padding=&#8221;0px||0px||false|false&#8221; global_colors_info=&#8221;{}&#8221;][et_pb_column type=&#8221;4_4&#8243; _builder_version=&#8221;4.27.5&#8243; _module_preset=&#8221;default&#8221; global_colors_info=&#8221;{}&#8221;][et_pb_text _builder_version=&#8221;4.27.5&#8243; _module_preset=&#8221;default&#8221; text_text_color=&#8221;#000000&#8243; text_font_size=&#8221;18px&#8221; header_font_size=&#8221;37px&#8221; global_colors_info=&#8221;{}&#8221;]<\/p>\n<p>For a majority of the pursuits we do within our group, we annually chose, normally through competitions, an exemplary person in that pursuit. They do not have to reside in the Barony, we willingly accept others willing to serve as our Champions. The current Champions of the Barony of Wintermist are listed below.<\/p>\n<p>[\/et_pb_text][\/et_pb_column][\/et_pb_row][et_pb_row column_structure=&#8221;1_3,1_3,1_3&#8243; _builder_version=&#8221;4.27.5&#8243; _module_preset=&#8221;default&#8221; global_colors_info=&#8221;{}&#8221;][et_pb_column type=&#8221;1_3&#8243; _builder_version=&#8221;4.27.5&#8243; _module_preset=&#8221;default&#8221; global_colors_info=&#8221;{}&#8221;][difl_advanced_person ap_photo=&#8221;http:\/\/places.sca-caid.org\/wintermist\/wp-content\/uploads\/sites\/13\/2026\/01\/Ivarr-clean.png&#8221; image_wrapper_background_bgcolor=&#8221;RGBA(255,255,255,0)&#8221; ap_name=&#8221;Ivarr Mjoksiglandi&#8221; ap_role=&#8221;Arts &#038; Sciences Champion&#8221; _builder_version=&#8221;4.27.5&#8243; _module_preset=&#8221;default&#8221; width=&#8221;100%&#8221; global_colors_info=&#8221;{}&#8221;][\/difl_advanced_person][\/et_pb_column][et_pb_column type=&#8221;1_3&#8243; _builder_version=&#8221;4.27.5&#8243; _module_preset=&#8221;default&#8221; global_colors_info=&#8221;{}&#8221;][difl_advanced_person ap_photo=&#8221;http:\/\/places.sca-caid.org\/wintermist\/wp-content\/uploads\/sites\/13\/2026\/01\/Sven-Orfhendur-Clean.png&#8221; ap_name=&#8221;Sven \u00d6rfhendur  &#8221; ap_role=&#8221;Armored Combat Champion&#8221; _builder_version=&#8221;4.27.5&#8243; _module_preset=&#8221;default&#8221; global_colors_info=&#8221;{}&#8221;][\/difl_advanced_person][\/et_pb_column][et_pb_column type=&#8221;1_3&#8243; _builder_version=&#8221;4.27.5&#8243; _module_preset=&#8221;default&#8221; global_colors_info=&#8221;{}&#8221;][difl_advanced_person ap_photo=&#8221;http:\/\/places.sca-caid.org\/wintermist\/wp-content\/uploads\/sites\/13\/2026\/01\/Ronan-de-Bhal-Clean.png&#8221; image_wrapper_max_width=&#8221;86%&#8221; image_force_to_fullwidth=&#8221;on&#8221; ap_name=&#8221;R\u00f3n\u00e1n de Bh\u00e1l&#8221; ap_role=&#8221;Crossbow Champion&#8221; _builder_version=&#8221;4.27.5&#8243; _module_preset=&#8221;default&#8221; global_colors_info=&#8221;{}&#8221;][\/difl_advanced_person][\/et_pb_column][\/et_pb_row][et_pb_row column_structure=&#8221;1_3,1_3,1_3&#8243; _builder_version=&#8221;4.27.5&#8243; _module_preset=&#8221;default&#8221; global_colors_info=&#8221;{}&#8221;][et_pb_column type=&#8221;1_3&#8243; _builder_version=&#8221;4.27.5&#8243; _module_preset=&#8221;default&#8221; global_colors_info=&#8221;{}&#8221;][difl_advanced_person ap_photo=&#8221;http:\/\/places.sca-caid.org\/wintermist\/wp-content\/uploads\/sites\/13\/2026\/01\/Paganus-Grimlove-clean-1.png&#8221; image_wrapper_max_width=&#8221;91%&#8221; ap_name=&#8221;Paganus Grimlove&#8221; ap_role=&#8221;Thrown Weapons Champion&#8221; _builder_version=&#8221;4.27.5&#8243; _module_preset=&#8221;default&#8221; custom_margin=&#8221;0px||0px||false|false&#8221; custom_padding=&#8221;0px||0px||false|false&#8221; hover_enabled=&#8221;0&#8243; global_colors_info=&#8221;{}&#8221; sticky_enabled=&#8221;0&#8243;][\/difl_advanced_person][\/et_pb_column][et_pb_column type=&#8221;1_3&#8243; _builder_version=&#8221;4.27.5&#8243; _module_preset=&#8221;default&#8221; global_colors_info=&#8221;{}&#8221;][difl_advanced_person ap_photo=&#8221;http:\/\/places.sca-caid.org\/wintermist\/wp-content\/uploads\/sites\/13\/2026\/01\/Seme-Nafar-removebg-preview.png&#8221; image_wrapper_max_width=&#8221;85%&#8221; ap_name=&#8221;Seme Nafar&#8221; ap_role=&#8221;Rapier Champion&#8221; _builder_version=&#8221;4.27.5&#8243; _module_preset=&#8221;default&#8221; global_colors_info=&#8221;{}&#8221;][\/difl_advanced_person][\/et_pb_column][et_pb_column type=&#8221;1_3&#8243; _builder_version=&#8221;4.27.5&#8243; _module_preset=&#8221;default&#8221; global_colors_info=&#8221;{}&#8221;][difl_advanced_person ap_photo=&#8221;http:\/\/places.sca-caid.org\/wintermist\/wp-content\/uploads\/sites\/13\/2026\/01\/Finnacan-Ruadh-removebg-preview.png&#8221; image_wrapper_max_width=&#8221;85%&#8221; ap_name=&#8221; Finnacan Raudh&#8221; ap_role=&#8221;Bardic Champion&#8221; _builder_version=&#8221;4.27.5&#8243; _module_preset=&#8221;default&#8221; global_colors_info=&#8221;{}&#8221;][\/difl_advanced_person][\/et_pb_column][\/et_pb_row][et_pb_row _builder_version=&#8221;4.27.5&#8243; _module_preset=&#8221;default&#8221; column_structure=&#8221;1_3,1_3,1_3&#8243;][et_pb_column _builder_version=&#8221;4.27.5&#8243; _module_preset=&#8221;default&#8221; type=&#8221;1_3&#8243;][\/et_pb_column][et_pb_column _builder_version=&#8221;4.27.5&#8243; _module_preset=&#8221;default&#8221; type=&#8221;1_3&#8243;][difl_advanced_person _builder_version=&#8221;4.27.5&#8243; _module_preset=&#8221;default&#8221; ap_name=&#8221;Gideon of Lyondemere&#8221; ap_role=&#8221;Archery Champion&#8221; hover_enabled=&#8221;0&#8243; sticky_enabled=&#8221;0&#8243;][\/difl_advanced_person][\/et_pb_column][et_pb_column _builder_version=&#8221;4.27.5&#8243; _module_preset=&#8221;default&#8221; type=&#8221;1_3&#8243;][\/et_pb_column][\/et_pb_row][\/et_pb_section]<\/p>\n","protected":false},"excerpt":{"rendered":"<p><div class=\"et_pb_module df_adh_heading df_adh_heading_0\">\n\t\t\t\t\n\t\t\t\t\n\t\t\t\t\n\t\t\t\t\n\t\t\t\t\n\t\t\t\t\n\t\t\t\t<div class=\"et_pb_module_inner\">\n\t\t\t\t\t<div class=\"df-heading-container\">\n                \n                \n                <h1 class=\"df-heading\"> <span class=\"infix\">Baronial Champions<\/span> <\/h1>\n                \n            <\/div>\n\t\t\t\t<\/div>\n\t\t\t<\/div>For a majority of the pursuits we do within our group, we annually chose, normally through competitions, an exemplary person in that pursuit. They do not have to reside in the Barony, we willingly accept others willing to serve as our Champions. The current Champions [&hellip;]<\/p>\n","protected":false},"author":47,"featured_media":0,"parent":0,"menu_order":0,"comment_status":"closed","ping_status":"closed","template":"","meta":{"_et_pb_use_builder":"on","_et_pb_old_content":"","_et_gb_content_width":"","footnotes":""},"difl_page_category":[],"class_list":["post-1376","page","type-page","status-publish","hentry"],"_links":{"self":[{"href":"https:\/\/places.sca-caid.org\/wintermist\/wp-json\/wp\/v2\/pages\/1376","targetHints":{"allow":["GET"]}}],"collection":[{"href":"https:\/\/places.sca-caid.org\/wintermist\/wp-json\/wp\/v2\/pages"}],"about":[{"href":"https:\/\/places.sca-caid.org\/wintermist\/wp-json\/wp\/v2\/types\/page"}],"author":[{"embeddable":true,"href":"https:\/\/places.sca-caid.org\/wintermist\/wp-json\/wp\/v2\/users\/47"}],"replies":[{"embeddable":true,"href":"https:\/\/places.sca-caid.org\/wintermist\/wp-json\/wp\/v2\/comments?post=1376"}],"version-history":[{"count":9,"href":"https:\/\/places.sca-caid.org\/wintermist\/wp-json\/wp\/v2\/pages\/1376\/revisions"}],"predecessor-version":[{"id":1409,"href":"https:\/\/places.sca-caid.org\/wintermist\/wp-json\/wp\/v2\/pages\/1376\/revisions\/1409"}],"wp:attachment":[{"href":"https:\/\/places.sca-caid.org\/wintermist\/wp-json\/wp\/v2\/media?parent=1376"}],"wp:term":[{"taxonomy":"difl_page_category","embeddable":true,"href":"https:\/\/places.sca-caid.org\/wintermist\/wp-json\/wp\/v2\/difl_page_category?post=1376"}],"curies":[{"name":"wp","href":"https:\/\/api.w.org\/{rel}","templated":true}]}}