{"id":264,"date":"2024-06-28T04:14:11","date_gmt":"2024-06-28T04:14:11","guid":{"rendered":"https:\/\/places.sca-caid.org\/summergate\/?page_id=264"},"modified":"2024-07-02T04:22:58","modified_gmt":"2024-07-02T04:22:58","slug":"officers","status":"publish","type":"page","link":"https:\/\/places.sca-caid.org\/summergate\/officers\/","title":{"rendered":"Officers"},"content":{"rendered":"<p>[et_pb_section fb_built=&#8221;1&#8243; admin_label=&#8221;Header&#8221; module_id=&#8221;Top&#8221; _builder_version=&#8221;4.25.2&#8243; _module_preset=&#8221;default&#8221; background_color=&#8221;RGBA(255,255,255,0)&#8221; background_image=&#8221;http:\/\/places.sca-caid.org\/summergate\/wp-content\/uploads\/sites\/25\/2024\/06\/Top-Left-Corner-Detail.png&#8221; background_size=&#8221;custom&#8221; background_image_width=&#8221;1080px&#8221; background_position=&#8221;top_left&#8221; module_alignment=&#8221;left&#8221; custom_margin=&#8221;-50px|||||&#8221; custom_padding=&#8221;0px||0px||false|false&#8221; hover_enabled=&#8221;0&#8243; collapsed=&#8221;on&#8221; global_colors_info=&#8221;{}&#8221; sticky_enabled=&#8221;0&#8243;][et_pb_row _builder_version=&#8221;4.25.2&#8243; _module_preset=&#8221;default&#8221; custom_margin=&#8221;50px|auto||auto|false|false&#8221; custom_padding=&#8221;70px||||false|false&#8221; global_colors_info=&#8221;{}&#8221;][et_pb_column type=&#8221;4_4&#8243; _builder_version=&#8221;4.25.2&#8243; _module_preset=&#8221;default&#8221; global_colors_info=&#8221;{}&#8221;][et_pb_heading title=&#8221;Meet Our Officers&#8221; _builder_version=&#8221;4.25.2&#8243; _module_preset=&#8221;default&#8221; title_font=&#8221;&#8211;et_global_heading_font||on||||||&#8221; title_text_align=&#8221;center&#8221; title_text_color=&#8221;#000000&#8243; title_font_size=&#8221;83px&#8221; module_alignment=&#8221;center&#8221; custom_margin=&#8221;50px|||||&#8221; custom_padding=&#8221;175px||||false|false&#8221; global_colors_info=&#8221;{}&#8221;][\/et_pb_heading][et_pb_text _builder_version=&#8221;4.25.2&#8243; _module_preset=&#8221;_initial&#8221; text_font_size=&#8221;16px&#8221; text_line_height=&#8221;1.8em&#8221; text_orientation=&#8221;center&#8221; text_font_size_tablet=&#8221;15px&#8221; text_font_size_phone=&#8221;14px&#8221; text_font_size_last_edited=&#8221;on|desktop&#8221; locked=&#8221;off&#8221; global_colors_info=&#8221;{}&#8221;]<\/p>\n<p>Learn about our current officers and their positions or take a look at the positions that are open! We&#8217;d love to have you help join our small but mighty Canton!<\/p>\n<p>[\/et_pb_text][\/et_pb_column][\/et_pb_row][et_pb_row column_structure=&#8221;1_2,1_2&#8243; custom_padding_last_edited=&#8221;on|tablet&#8221; _builder_version=&#8221;4.21.0&#8243; _module_preset=&#8221;default&#8221; custom_padding_tablet=&#8221;||0px||false|false&#8221; custom_padding_phone=&#8221;||0px||false|false&#8221; locked=&#8221;off&#8221; global_colors_info=&#8221;{}&#8221;][et_pb_column type=&#8221;1_2&#8243; _builder_version=&#8221;4.21.0&#8243; _module_preset=&#8221;default&#8221; global_colors_info=&#8221;{}&#8221;][et_pb_image src=&#8221;http:\/\/places.sca-caid.org\/summergate\/wp-content\/uploads\/sites\/25\/2024\/06\/SENECHALCAID.png&#8221; title_text=&#8221;SENECHALCAID&#8221; align=&#8221;center&#8221; module_id=&#8221;Seneschal&#8221; _builder_version=&#8221;4.25.2&#8243; _module_preset=&#8221;default&#8221; module_alignment=&#8221;center&#8221; max_height=&#8221;250px&#8221; global_colors_info=&#8221;{}&#8221;][\/et_pb_image][et_pb_text _builder_version=&#8221;4.25.2&#8243; _module_preset=&#8221;_initial&#8221; header_5_font=&#8221;Playfair Display|500|||||||&#8221; header_5_text_color=&#8221;#2a2a2a&#8221; header_5_font_size=&#8221;20px&#8221; header_5_line_height=&#8221;1.4em&#8221; custom_margin=&#8221;||0px||false|false&#8221; header_5_font_size_tablet=&#8221;16px&#8221; header_5_font_size_phone=&#8221;14px&#8221; header_5_font_size_last_edited=&#8221;on|phone&#8221; global_colors_info=&#8221;{}&#8221;]<\/p>\n<h5><a href=\"mailto:seneschal.officer@summergate.sca-caid.org\" target=\"_blank\" rel=\"noopener\">Seneschal<\/a><\/h5>\n<p>[\/et_pb_text][et_pb_text _builder_version=&#8221;4.25.2&#8243; _module_preset=&#8221;_initial&#8221; header_font=&#8221;&#8211;et_global_body_font||||||||&#8221; header_4_font=&#8221;Inter|500||on|||||&#8221; header_4_text_color=&#8221;gcid-c2933ceb-9641-4d37-bb1b-61eb067d45cb&#8221; header_4_font_size=&#8221;14px&#8221; header_4_letter_spacing=&#8221;0.4em&#8221; header_4_line_height=&#8221;1.4em&#8221; custom_margin=&#8221;||0px||false|false&#8221; global_colors_info=&#8221;{%22gcid-c2933ceb-9641-4d37-bb1b-61eb067d45cb%22:%91%22header_4_text_color%22%93}&#8221;]<\/p>\n<p><em><strong>THL Carrie Bear<\/strong><\/em><\/p>\n<p>[\/et_pb_text][et_pb_text _builder_version=&#8221;4.25.2&#8243; _module_preset=&#8221;_initial&#8221; text_line_height=&#8221;1.6em&#8221; global_colors_info=&#8221;{}&#8221;]<\/p>\n<p>The Seneschal is kind of like the &#8220;president&#8221; of Summergate. She is our administrator and legal representative.<\/p>\n<p>Email: <span>seneschal.officer@summergate.sca-caid.org<\/span><\/p>\n<p>[\/et_pb_text][\/et_pb_column][et_pb_column type=&#8221;1_2&#8243; _builder_version=&#8221;4.21.0&#8243; _module_preset=&#8221;default&#8221; global_colors_info=&#8221;{}&#8221;][et_pb_image src=&#8221;http:\/\/places.sca-caid.org\/summergate\/wp-content\/uploads\/sites\/25\/2024\/06\/exchquer.png&#8221; title_text=&#8221;exchquer&#8221; align=&#8221;center&#8221; module_id=&#8221;Exchequer&#8221; _builder_version=&#8221;4.25.2&#8243; _module_preset=&#8221;default&#8221; max_height=&#8221;250px&#8221; global_colors_info=&#8221;{}&#8221;][\/et_pb_image][et_pb_text _builder_version=&#8221;4.25.2&#8243; _module_preset=&#8221;_initial&#8221; header_5_font=&#8221;Playfair Display|500|||||||&#8221; header_5_text_color=&#8221;#2a2a2a&#8221; header_5_font_size=&#8221;20px&#8221; header_5_line_height=&#8221;1.4em&#8221; custom_margin=&#8221;||0px||false|false&#8221; header_5_font_size_tablet=&#8221;16px&#8221; header_5_font_size_phone=&#8221;14px&#8221; header_5_font_size_last_edited=&#8221;on|phone&#8221; global_colors_info=&#8221;{}&#8221;]<\/p>\n<h5><a href=\"mailto:exchequer.officer@summergate.sca-caid.org\" target=\"_blank\" rel=\"noopener\">Exchequer<\/a><\/h5>\n<p>[\/et_pb_text][et_pb_text _builder_version=&#8221;4.25.2&#8243; _module_preset=&#8221;_initial&#8221; header_4_font=&#8221;Inter|500||on|||||&#8221; header_4_text_color=&#8221;gcid-c2933ceb-9641-4d37-bb1b-61eb067d45cb&#8221; header_4_font_size=&#8221;14px&#8221; header_4_letter_spacing=&#8221;0.4em&#8221; header_4_line_height=&#8221;1.4em&#8221; custom_margin=&#8221;||0px||false|false&#8221; locked=&#8221;off&#8221; global_colors_info=&#8221;{%22gcid-c2933ceb-9641-4d37-bb1b-61eb067d45cb%22:%91%22header_4_text_color%22%93}&#8221;]<\/p>\n<p><em><strong>Lady Serena Nickolei<\/strong><\/em><\/p>\n<p>[\/et_pb_text][et_pb_text _builder_version=&#8221;4.25.2&#8243; _module_preset=&#8221;_initial&#8221; text_line_height=&#8221;1.6em&#8221; global_colors_info=&#8221;{}&#8221;]<\/p>\n<p>The Exchequer is in charge of our finances and making sure we have the money to do host events and better our Canton.<\/p>\n<p>Email: <span>exchequer.officer@summergate.sca-caid.org<\/span><\/p>\n<p>[\/et_pb_text][\/et_pb_column][\/et_pb_row][\/et_pb_section][et_pb_section fb_built=&#8221;1&#8243; admin_label=&#8221;Classes&#8221; _builder_version=&#8221;4.25.2&#8243; _module_preset=&#8221;default&#8221; background_color=&#8221;RGBA(255,255,255,0)&#8221; custom_padding=&#8221;0px||30px|||&#8221; collapsed=&#8221;on&#8221; global_colors_info=&#8221;{}&#8221;][et_pb_row column_structure=&#8221;1_2,1_2&#8243; custom_padding_last_edited=&#8221;on|tablet&#8221; _builder_version=&#8221;4.21.0&#8243; _module_preset=&#8221;default&#8221; custom_padding_tablet=&#8221;||0px||false|false&#8221; custom_padding_phone=&#8221;||0px||false|false&#8221; locked=&#8221;off&#8221; global_colors_info=&#8221;{}&#8221;][et_pb_column type=&#8221;1_2&#8243; _builder_version=&#8221;4.21.0&#8243; _module_preset=&#8221;default&#8221; global_colors_info=&#8221;{}&#8221;][et_pb_image src=&#8221;http:\/\/places.sca-caid.org\/summergate\/wp-content\/uploads\/sites\/25\/2024\/06\/Webwright-Centered.png&#8221; title_text=&#8221;Webwright Centered&#8221; align=&#8221;center&#8221; module_id=&#8221;Webwright&#8221; _builder_version=&#8221;4.25.2&#8243; _module_preset=&#8221;default&#8221; max_height=&#8221;250px&#8221; global_colors_info=&#8221;{}&#8221;][\/et_pb_image][et_pb_text _builder_version=&#8221;4.25.2&#8243; _module_preset=&#8221;_initial&#8221; header_5_font=&#8221;Playfair Display|500|||||||&#8221; header_5_text_color=&#8221;#2a2a2a&#8221; header_5_font_size=&#8221;20px&#8221; header_5_line_height=&#8221;1.4em&#8221; custom_margin=&#8221;||0px||false|false&#8221; header_5_font_size_tablet=&#8221;16px&#8221; header_5_font_size_phone=&#8221;14px&#8221; header_5_font_size_last_edited=&#8221;on|phone&#8221; global_colors_info=&#8221;{}&#8221;]<\/p>\n<h5><a href=\"mailto:webwright.officer@summergate.sca-caid.org\" target=\"_blank\" rel=\"noopener\">Webwright<\/a><\/h5>\n<p>[\/et_pb_text][et_pb_text _builder_version=&#8221;4.25.2&#8243; _module_preset=&#8221;_initial&#8221; text_font=&#8221;&#8211;et_global_body_font||||||||&#8221; header_font=&#8221;&#8211;et_global_body_font||||||||&#8221; header_4_font=&#8221;Inter|500||on|||||&#8221; header_4_text_color=&#8221;gcid-c2933ceb-9641-4d37-bb1b-61eb067d45cb&#8221; header_4_font_size=&#8221;14px&#8221; header_4_letter_spacing=&#8221;0.4em&#8221; header_4_line_height=&#8221;1.4em&#8221; custom_margin=&#8221;||0px||false|false&#8221; global_colors_info=&#8221;{%22gcid-c2933ceb-9641-4d37-bb1b-61eb067d45cb%22:%91%22header_4_text_color%22%93}&#8221;]<\/p>\n<p><em><strong>Lady D\u00fdrfinna n\u00e1tts\u00f3l Bresad\u00f3ttir<\/strong><\/em><\/p>\n<p>[\/et_pb_text][et_pb_text _builder_version=&#8221;4.25.2&#8243; _module_preset=&#8221;_initial&#8221; text_line_height=&#8221;1.6em&#8221; global_colors_info=&#8221;{}&#8221;]<\/p>\n<p>The Webwright is in charge of the website and making sure things stay updated online.<\/p>\n<p>Currently, our webwright also handles our social media pages. If you are interested in managing our social media pages (Facebook and Instagram), please reach out!<\/p>\n<p>Email: <span>webwright.officer@summergate.sca-caid.org<\/span><\/p>\n<p>[\/et_pb_text][\/et_pb_column][et_pb_column type=&#8221;1_2&#8243; _builder_version=&#8221;4.21.0&#8243; _module_preset=&#8221;default&#8221; global_colors_info=&#8221;{}&#8221;][et_pb_image src=&#8221;http:\/\/places.sca-caid.org\/summergate\/wp-content\/uploads\/sites\/25\/2024\/06\/CHATELAINE.png&#8221; title_text=&#8221;CHATELAINE&#8221; align=&#8221;center&#8221; module_id=&#8221;Chatelaine&#8221; _builder_version=&#8221;4.25.2&#8243; _module_preset=&#8221;default&#8221; max_height=&#8221;250px&#8221; global_colors_info=&#8221;{}&#8221;][\/et_pb_image][et_pb_text _builder_version=&#8221;4.25.2&#8243; _module_preset=&#8221;_initial&#8221; header_5_font=&#8221;Playfair Display|500|||||||&#8221; header_5_text_color=&#8221;#2a2a2a&#8221; header_5_font_size=&#8221;20px&#8221; header_5_line_height=&#8221;1.4em&#8221; custom_margin=&#8221;||0px||false|false&#8221; header_5_font_size_tablet=&#8221;16px&#8221; header_5_font_size_phone=&#8221;14px&#8221; header_5_font_size_last_edited=&#8221;on|phone&#8221; global_colors_info=&#8221;{}&#8221;]<\/p>\n<h5><a href=\"mailto:chatelaine.officer@summergate.sca-caid.org\" target=\"_blank\" rel=\"noopener\">Chatelaine<\/a><\/h5>\n<p>[\/et_pb_text][et_pb_text _builder_version=&#8221;4.25.2&#8243; _module_preset=&#8221;_initial&#8221; header_4_font=&#8221;Inter|500||on|||||&#8221; header_4_text_color=&#8221;gcid-c2933ceb-9641-4d37-bb1b-61eb067d45cb&#8221; header_4_font_size=&#8221;14px&#8221; header_4_letter_spacing=&#8221;0.4em&#8221; header_4_line_height=&#8221;1.4em&#8221; custom_margin=&#8221;||0px||false|false&#8221; locked=&#8221;off&#8221; global_colors_info=&#8221;{%22gcid-c2933ceb-9641-4d37-bb1b-61eb067d45cb%22:%91%22header_4_text_color%22%93}&#8221;]<\/p>\n<p><em><strong>Gwena Coblyn<\/strong><\/em><\/p>\n<p>[\/et_pb_text][et_pb_text _builder_version=&#8221;4.25.2&#8243; _module_preset=&#8221;_initial&#8221; text_line_height=&#8221;1.6em&#8221; global_colors_info=&#8221;{}&#8221;]<\/p>\n<p>The Chatelaine is in charge of welcoming new members and helping them find garb.<\/p>\n<p>Email: <span>chatelaine.officer@summergate.sca-caid.org<\/span><\/p>\n<p>[\/et_pb_text][\/et_pb_column][\/et_pb_row][et_pb_row column_structure=&#8221;1_2,1_2&#8243; custom_padding_last_edited=&#8221;on|tablet&#8221; _builder_version=&#8221;4.21.0&#8243; _module_preset=&#8221;default&#8221; custom_padding_tablet=&#8221;||0px||false|false&#8221; custom_padding_phone=&#8221;||0px||false|false&#8221; locked=&#8221;off&#8221; global_colors_info=&#8221;{}&#8221;][et_pb_column type=&#8221;1_2&#8243; _builder_version=&#8221;4.21.0&#8243; _module_preset=&#8221;default&#8221; global_colors_info=&#8221;{}&#8221;][et_pb_image src=&#8221;http:\/\/places.sca-caid.org\/summergate\/wp-content\/uploads\/sites\/25\/2024\/06\/marshal.png&#8221; title_text=&#8221;marshal&#8221; align=&#8221;center&#8221; module_id=&#8221;Marshal&#8221; _builder_version=&#8221;4.25.2&#8243; _module_preset=&#8221;default&#8221; max_height=&#8221;250px&#8221; global_colors_info=&#8221;{}&#8221;][\/et_pb_image][et_pb_text _builder_version=&#8221;4.25.2&#8243; _module_preset=&#8221;_initial&#8221; header_5_font=&#8221;Playfair Display|500|||||||&#8221; header_5_text_color=&#8221;#2a2a2a&#8221; header_5_font_size=&#8221;20px&#8221; header_5_line_height=&#8221;1.4em&#8221; custom_margin=&#8221;||0px||false|false&#8221; header_5_font_size_tablet=&#8221;16px&#8221; header_5_font_size_phone=&#8221;14px&#8221; header_5_font_size_last_edited=&#8221;on|phone&#8221; global_colors_info=&#8221;{}&#8221;]<\/p>\n<h5><a href=\"mailto:marshal.officer@summergate.sca-caid.org\" target=\"_blank\" rel=\"noopener\">Marshal<\/a><\/h5>\n<p>[\/et_pb_text][et_pb_text _builder_version=&#8221;4.25.2&#8243; _module_preset=&#8221;_initial&#8221; header_4_font=&#8221;Inter|500||on|||||&#8221; header_4_text_color=&#8221;gcid-c2933ceb-9641-4d37-bb1b-61eb067d45cb&#8221; header_4_font_size=&#8221;14px&#8221; header_4_letter_spacing=&#8221;0.4em&#8221; header_4_line_height=&#8221;1.4em&#8221; custom_margin=&#8221;||0px||false|false&#8221; global_colors_info=&#8221;{%22gcid-c2933ceb-9641-4d37-bb1b-61eb067d45cb%22:%91%22header_4_text_color%22%93}&#8221;]<\/p>\n<p><em><strong>Thorgrimr Kuggi<\/strong><\/em><\/p>\n<p>[\/et_pb_text][et_pb_text _builder_version=&#8221;4.25.2&#8243; _module_preset=&#8221;_initial&#8221; text_line_height=&#8221;1.6em&#8221; global_colors_info=&#8221;{}&#8221;]<\/p>\n<p>The Marshal is in charge of our fighter practices and oversees martial activities to make sure it is safe for all participants.<\/p>\n<p>Email: <span>marshal.officer@summergate.sca-caid.org<\/span><\/p>\n<p>Our Deputy Marshal is Ceolwyn of Drafn.<\/p>\n<p>[\/et_pb_text][\/et_pb_column][et_pb_column type=&#8221;1_2&#8243; _builder_version=&#8221;4.21.0&#8243; _module_preset=&#8221;default&#8221; global_colors_info=&#8221;{}&#8221;][et_pb_image src=&#8221;http:\/\/places.sca-caid.org\/summergate\/wp-content\/uploads\/sites\/25\/2024\/06\/youth.png&#8221; title_text=&#8221;youth&#8221; align=&#8221;center&#8221; module_id=&#8221;Youth-Activities&#8221; _builder_version=&#8221;4.25.2&#8243; _module_preset=&#8221;default&#8221; max_height=&#8221;250px&#8221; global_colors_info=&#8221;{}&#8221;][\/et_pb_image][et_pb_text _builder_version=&#8221;4.25.2&#8243; _module_preset=&#8221;_initial&#8221; header_5_font=&#8221;Playfair Display|500|||||||&#8221; header_5_text_color=&#8221;#2a2a2a&#8221; header_5_font_size=&#8221;20px&#8221; header_5_line_height=&#8221;1.4em&#8221; custom_margin=&#8221;||0px||false|false&#8221; header_5_font_size_tablet=&#8221;16px&#8221; header_5_font_size_phone=&#8221;14px&#8221; header_5_font_size_last_edited=&#8221;on|phone&#8221; global_colors_info=&#8221;{}&#8221;]<\/p>\n<h5><a href=\"mailto:youth.officer@summergate.sca-caid.org\" target=\"_blank\" rel=\"noopener\">Youth Activities<\/a><\/h5>\n<p>[\/et_pb_text][et_pb_text _builder_version=&#8221;4.25.2&#8243; _module_preset=&#8221;_initial&#8221; header_4_font=&#8221;Inter|500||on|||||&#8221; header_4_text_color=&#8221;gcid-c2933ceb-9641-4d37-bb1b-61eb067d45cb&#8221; header_4_font_size=&#8221;14px&#8221; header_4_letter_spacing=&#8221;0.4em&#8221; header_4_line_height=&#8221;1.4em&#8221; custom_margin=&#8221;||0px||false|false&#8221; locked=&#8221;off&#8221; global_colors_info=&#8221;{%22gcid-c2933ceb-9641-4d37-bb1b-61eb067d45cb%22:%91%22header_4_text_color%22%93}&#8221;]<\/p>\n<h4>Lady Dushenka<\/h4>\n<p>[\/et_pb_text][et_pb_text _builder_version=&#8221;4.25.2&#8243; _module_preset=&#8221;_initial&#8221; text_line_height=&#8221;1.6em&#8221; global_colors_info=&#8221;{}&#8221;]<\/p>\n<p>The Youth Activities Officer is in charge of getting kids involved in various activities and events.<\/p>\n<p>Email: <span>youth.officer@summergate.sca-caid.org<\/span><\/p>\n<p>[\/et_pb_text][\/et_pb_column][\/et_pb_row][\/et_pb_section][et_pb_section fb_built=&#8221;1&#8243; admin_label=&#8221;Call to Action&#8221; _builder_version=&#8221;4.25.2&#8243; _module_preset=&#8221;default&#8221; background_image=&#8221;http:\/\/places.sca-caid.org\/summergate\/wp-content\/uploads\/sites\/25\/2024\/06\/Bottom-Right-Corner-Detail.png&#8221; background_size=&#8221;custom&#8221; background_image_width=&#8221;1080px&#8221; background_position=&#8221;bottom_right&#8221; custom_padding=&#8221;0px|||||&#8221; hover_enabled=&#8221;0&#8243; locked=&#8221;off&#8221; collapsed=&#8221;on&#8221; global_colors_info=&#8221;{}&#8221; sticky_enabled=&#8221;0&#8243;][et_pb_row _builder_version=&#8221;4.25.2&#8243; _module_preset=&#8221;default&#8221; max_width=&#8221;900px&#8221; custom_padding=&#8221;||10px||false|false&#8221; global_colors_info=&#8221;{}&#8221;][et_pb_column type=&#8221;4_4&#8243; _builder_version=&#8221;4.21.0&#8243; _module_preset=&#8221;default&#8221; global_colors_info=&#8221;{}&#8221;][et_pb_text module_id=&#8221;Open&#8221; _builder_version=&#8221;4.25.2&#8243; _module_preset=&#8221;_initial&#8221; header_font_size=&#8221;50px&#8221; header_2_font=&#8221;Playfair Display|500|||||||&#8221; header_2_text_color=&#8221;#7e6849&#8243; header_2_font_size=&#8221;52px&#8221; header_2_line_height=&#8221;1.2em&#8221; text_orientation=&#8221;center&#8221; custom_margin=&#8221;||0px|||&#8221; header_2_font_size_tablet=&#8221;32px&#8221; header_2_font_size_phone=&#8221;20px&#8221; header_2_font_size_last_edited=&#8221;on|phone&#8221; locked=&#8221;off&#8221; global_colors_info=&#8221;{}&#8221;]<\/p>\n<h1><em>Open Offices<\/em><\/h1>\n<p>[\/et_pb_text][et_pb_text _builder_version=&#8221;4.25.2&#8243; _module_preset=&#8221;_initial&#8221; text_font_size=&#8221;16px&#8221; text_line_height=&#8221;1.8em&#8221; text_orientation=&#8221;center&#8221; text_font_size_tablet=&#8221;15px&#8221; text_font_size_phone=&#8221;14px&#8221; text_font_size_last_edited=&#8221;on|desktop&#8221; locked=&#8221;off&#8221; global_colors_info=&#8221;{}&#8221;]<\/p>\n<p>To become an officer, you have to be an active member in the SCA, get permission from our <a href=\"mailto:seneschal.officer@summergate.sca-caid.org\">Seneschal<\/a>, and fill out a <span style=\"text-decoration: underline; color: #7a9e3f;\"><a href=\"https:\/\/wp.sca-caid.org\/wp-content\/uploads\/2017\/04\/Agreement-to-Serve.pdf\" target=\"_blank\" rel=\"noopener\" style=\"color: #7a9e3f; text-decoration: underline;\">form<\/a><\/span> to submit to the Kingdom of Caid.<\/p>\n<p>Arts and Sciences: The Arts and Sciences officer is in charge of getting people together for meet ups or specific classes.<\/p>\n<p>Chronicler: The Chronicler is in charge of\u00a0 recording our events or writing news articles.<\/p>\n<p>Herald: The herald office can help people find and register historical names. The herald can also be in charge of leading court during our events.<\/p>\n<p>Social Media: The social media officer is in charge of making posts and updates on our social media pages (<a href=\"https:\/\/www.facebook.com\/scacantonofsummergate\/\" target=\"_blank\" rel=\"noopener\">Facebook<\/a> and <a href=\"https:\/\/www.instagram.com\/scacantonofsummergate\/\" target=\"_blank\" rel=\"noopener\">Instagram<\/a>) in hopes of getting new people involved.<\/p>\n<p>[\/et_pb_text][\/et_pb_column][\/et_pb_row][et_pb_row _builder_version=&#8221;4.25.2&#8243; _module_preset=&#8221;default&#8221; custom_padding=&#8221;||200px||false|false&#8221; global_colors_info=&#8221;{}&#8221;][et_pb_column type=&#8221;4_4&#8243; _builder_version=&#8221;4.25.2&#8243; _module_preset=&#8221;default&#8221; global_colors_info=&#8221;{}&#8221;][et_pb_text _builder_version=&#8221;4.25.2&#8243; _module_preset=&#8221;default&#8221; text_font_size=&#8221;20px&#8221; header_font_size=&#8221;41px&#8221; global_colors_info=&#8221;{}&#8221;]<\/p>\n<p style=\"text-align: center;\">Are you interested in an office that is already filled? Reach out to our <a href=\"mailto:seneschal.officer@summergate.sca-caid.org\">Seneschal<\/a> or the officer to see if<br \/>they are interested in having a deputy!<\/p>\n<p>[\/et_pb_text][\/et_pb_column][\/et_pb_row][\/et_pb_section]<\/p>\n","protected":false},"excerpt":{"rendered":"<p>Learn about our current officers and their positions or take a look at the positions that are open! We&#8217;d love to have you help join our small but mighty Canton!SeneschalTHL Carrie BearThe Seneschal is kind of like the &#8220;president&#8221; of Summergate. She is our administrator and legal representative. Email: seneschal.officer@summergate.sca-caid.orgExchequerLady Serena NickoleiThe Exchequer is in [&hellip;]<\/p>\n","protected":false},"author":28,"featured_media":0,"parent":0,"menu_order":0,"comment_status":"closed","ping_status":"closed","template":"","meta":{"_et_pb_use_builder":"on","_et_pb_old_content":"","_et_gb_content_width":"","footnotes":""},"difl_page_category":[],"class_list":["post-264","page","type-page","status-publish","hentry"],"_links":{"self":[{"href":"https:\/\/places.sca-caid.org\/summergate\/wp-json\/wp\/v2\/pages\/264","targetHints":{"allow":["GET"]}}],"collection":[{"href":"https:\/\/places.sca-caid.org\/summergate\/wp-json\/wp\/v2\/pages"}],"about":[{"href":"https:\/\/places.sca-caid.org\/summergate\/wp-json\/wp\/v2\/types\/page"}],"author":[{"embeddable":true,"href":"https:\/\/places.sca-caid.org\/summergate\/wp-json\/wp\/v2\/users\/28"}],"replies":[{"embeddable":true,"href":"https:\/\/places.sca-caid.org\/summergate\/wp-json\/wp\/v2\/comments?post=264"}],"version-history":[{"count":0,"href":"https:\/\/places.sca-caid.org\/summergate\/wp-json\/wp\/v2\/pages\/264\/revisions"}],"wp:attachment":[{"href":"https:\/\/places.sca-caid.org\/summergate\/wp-json\/wp\/v2\/media?parent=264"}],"wp:term":[{"taxonomy":"difl_page_category","embeddable":true,"href":"https:\/\/places.sca-caid.org\/summergate\/wp-json\/wp\/v2\/difl_page_category?post=264"}],"curies":[{"name":"wp","href":"https:\/\/api.w.org\/{rel}","templated":true}]}}