{"id":395,"date":"2022-04-09T20:09:52","date_gmt":"2022-04-09T20:09:52","guid":{"rendered":"http:\/\/places.sca-caid.org\/barony\/?page_id=395"},"modified":"2024-06-23T23:34:25","modified_gmt":"2024-06-23T23:34:25","slug":"baronage","status":"publish","type":"page","link":"https:\/\/places.sca-caid.org\/gyldenholt\/baronage\/","title":{"rendered":"Baronage &#8211; old"},"content":{"rendered":"\n[et_pb_section fb_built=&#8221;1&#8243; fullwidth=&#8221;on&#8221; _builder_version=&#8221;4.18.0&#8243; background_color=&#8221;RGBA(0,0,0,0)&#8221; background_color_gradient_direction=&#8221;330deg&#8221; global_colors_info=&#8221;{}&#8221;][et_pb_fullwidth_header title=&#8221;Baronage&#8221; content_max_width=&#8221;none&#8221; admin_label=&#8221;Fullwidth Header&#8221; _builder_version=&#8221;4.16&#8243; title_text_color=&#8221;#E09900&#8243; title_font_size=&#8221;65px&#8221; background_color=&#8221;rgba(255, 255, 255, 0)&#8221; min_height=&#8221;143px&#8221; custom_padding=&#8221;||0px|||&#8221; global_colors_info=&#8221;{}&#8221; button_one_text_size__hover_enabled=&#8221;off&#8221; button_two_text_size__hover_enabled=&#8221;off&#8221; button_one_text_color__hover_enabled=&#8221;off&#8221; button_two_text_color__hover_enabled=&#8221;off&#8221; button_one_border_width__hover_enabled=&#8221;off&#8221; button_two_border_width__hover_enabled=&#8221;off&#8221; button_one_border_color__hover_enabled=&#8221;off&#8221; button_two_border_color__hover_enabled=&#8221;off&#8221; button_one_border_radius__hover_enabled=&#8221;off&#8221; button_two_border_radius__hover_enabled=&#8221;off&#8221; button_one_letter_spacing__hover_enabled=&#8221;off&#8221; button_two_letter_spacing__hover_enabled=&#8221;off&#8221; button_one_bg_color__hover_enabled=&#8221;off&#8221; button_two_bg_color__hover_enabled=&#8221;off&#8221;]<h1><\/h1>[\/et_pb_fullwidth_header][\/et_pb_section][et_pb_section fb_built=&#8221;1&#8243; admin_label=&#8221;Section&#8221; _builder_version=&#8221;4.18.0&#8243; background_color=&#8221;#f7f7f7&#8243; global_colors_info=&#8221;{}&#8221;][et_pb_row column_structure=&#8221;1_3,2_3&#8243; disabled_on=&#8221;off|off|off&#8221; _builder_version=&#8221;4.18.0&#8243; background_size=&#8221;initial&#8221; background_position=&#8221;top_left&#8221; background_repeat=&#8221;repeat&#8221; custom_padding=&#8221;48px|||||&#8221; global_colors_info=&#8221;{}&#8221;][et_pb_column type=&#8221;1_3&#8243; _builder_version=&#8221;4.16&#8243; custom_padding=&#8221;|||&#8221; global_colors_info=&#8221;{}&#8221; custom_padding__hover=&#8221;|||&#8221;][et_pb_text _builder_version=&#8221;4.18.0&#8243; header_text_color=&#8221;#E09900&#8243; header_font_size=&#8221;48px&#8221; background_size=&#8221;initial&#8221; background_position=&#8221;top_left&#8221; background_repeat=&#8221;repeat&#8221; global_colors_info=&#8221;{}&#8221;]<h1>Baron<br \/>Jens inn draumspaki<\/h1>\n<p>Jens was intent upon passing through Iceland to Dublin, (vik,vik), from Daneland on his way to join with the Great Army of 865 under Ivar \u201cthe boneless\u201d Lothbrok. One day at the market as she was deep in thought, Ida literally bumped into Jens and vice versa, as he was preoccupied with disembarking from the drakkar. Love at the first bump. They were married soon after and plans changed for both of them.<\/p>\n<p><strong><span style=\"text-decoration: underline\">Personal Preferences<\/span><\/strong><\/p>\n<p>Colors: <span>vert, argent and gules (green silver red)<\/span><\/p>\n<p>Food likes: <span>pizza, raw carrots\/celery, peanut butter, coffees(half or decaf), teas, tree nuts, cheeses, fruits.<\/span><\/p>\n<p>Dislikes: <span>coconut, wine-based vinegars<\/span><\/p>\n<p><span>Food aversions: green leafy vegetables, red meats, foods cooked in\/with alcohol due to digestive issues<\/span><\/p>\n<p>Allergies: <span>all PCN, alcohol-sensitive<\/span><\/p>\n<p>Heraldry: Vert, on a bear statant erect affronty forepaws elevated argent a Thor\u2019s hammer gules.<\/p>\n<p><span><img loading=\"lazy\" decoding=\"async\" src=\"http:\/\/places.sca-caid.org\/gyldenholt\/wp-content\/uploads\/sites\/10\/2023\/03\/Jens-inn-draumspaki-250x300-1.gif\" width=\"153\" height=\"184\" alt=\"\" class=\"wp-image-497 alignnone size-full\" style=\"margin-left: auto;margin-right: auto\" \/><\/span><\/p>[\/et_pb_text][\/et_pb_column][et_pb_column type=&#8221;2_3&#8243; _builder_version=&#8221;4.18.0&#8243; custom_padding=&#8221;|||&#8221; global_colors_info=&#8221;{}&#8221; custom_padding__hover=&#8221;|||&#8221;][et_pb_image src=&#8221;http:\/\/places.sca-caid.org\/gyldenholt\/wp-content\/uploads\/sites\/10\/2023\/03\/GyldenholtBaronage1.jpg&#8221; title_text=&#8221;GyldenholtBaronage1&#8243; _builder_version=&#8221;4.18.0&#8243; _module_preset=&#8221;default&#8221; background_color=&#8221;RGBA(255,255,255,0)&#8221; border_radii=&#8221;on|10px|10px|10px|10px&#8221; box_shadow_style=&#8221;preset2&#8243; global_colors_info=&#8221;{}&#8221;][\/et_pb_image][\/et_pb_column][\/et_pb_row][et_pb_row column_structure=&#8221;1_3,2_3&#8243; disabled_on=&#8221;off|off|off&#8221; _builder_version=&#8221;4.18.0&#8243; background_size=&#8221;initial&#8221; background_position=&#8221;top_left&#8221; background_repeat=&#8221;repeat&#8221; custom_padding=&#8221;48px|||||&#8221; global_colors_info=&#8221;{}&#8221;][et_pb_column type=&#8221;1_3&#8243; _builder_version=&#8221;4.16&#8243; custom_padding=&#8221;|||&#8221; global_colors_info=&#8221;{}&#8221; custom_padding__hover=&#8221;|||&#8221;][et_pb_text _builder_version=&#8221;4.18.0&#8243; header_text_color=&#8221;#E09900&#8243; header_font_size=&#8221;48px&#8221; background_size=&#8221;initial&#8221; background_position=&#8221;top_left&#8221; background_repeat=&#8221;repeat&#8221; global_colors_info=&#8221;{}&#8221;]<h1>Baroness <br \/>Ida Haroldsdottir<\/h1>\n<p>9th century Icelandic Norse time period of about 885 current era, within the DaneLaw.<\/p>\n<p>Ida was on a small isle in Iceland learning from a spokana (seeress) since childhood<\/p>\n<p>We enjoy an era in the Kingdom of Northumbria, residing to the southeast of Jorvik some years later about 885. (The Yorkshire Wolds are low, gently rolling hills in the present-day counties of the East Riding of Yorkshire and North Yorkshire).<\/p>\n<p><strong style=\"font-size: 14px\">Personal Preferences<\/strong><\/p>\n<p>Colors: <span>argent and gules (silver, red)<\/span><\/p>\n<p>Food likes:<\/p>\n<p>coconut, high-protein based foods, berries, cinnamon, olives, and flavored non-sparkling waters, tree nuts, cheeses, fruits.<\/p>\n<p>Food aversions: green leafy vegetables, red meats, foods cooked in\/with alcohol due to digestive issues<\/p>\n<p>Dislikes: <span>blue cheese, coffees, overly spicy foods<\/span><\/p>\n<p>Allergies: <span>Sulfa, Keflex, gluten-sensitive, alcohol-sensitive<\/span><span><\/span><\/p>\n<p><span>Heraldry; Argent, a mullet voided and interlaced within and conjoined to an annulet gules.<\/span><\/p>\n<p><span><img loading=\"lazy\" decoding=\"async\" src=\"http:\/\/places.sca-caid.org\/gyldenholt\/wp-content\/uploads\/sites\/10\/2023\/03\/Ida_InPixio-257x300-1.png\" width=\"176\" height=\"205\" alt=\"\" class=\"wp-image-499 alignnone size-full\" style=\"margin-left: auto;margin-right: auto\" \/><\/span><\/p>[\/et_pb_text][\/et_pb_column][et_pb_column type=&#8221;2_3&#8243; _builder_version=&#8221;4.16&#8243; custom_padding=&#8221;|||&#8221; global_colors_info=&#8221;{}&#8221; custom_padding__hover=&#8221;|||&#8221;][et_pb_image title_text=&#8221;Ida_InPixio-257&#215;300&#8243; _builder_version=&#8221;4.18.0&#8243; _module_preset=&#8221;default&#8221; border_radii=&#8221;on|10px|10px|10px|10px&#8221; box_shadow_style=&#8221;preset2&#8243; global_colors_info=&#8221;{}&#8221;][\/et_pb_image][\/et_pb_column][\/et_pb_row][et_pb_row _builder_version=&#8221;4.18.0&#8243; _module_preset=&#8221;default&#8221; global_colors_info=&#8221;{}&#8221;][et_pb_column type=&#8221;4_4&#8243; _builder_version=&#8221;4.18.0&#8243; _module_preset=&#8221;default&#8221; global_colors_info=&#8221;{}&#8221;][et_pb_text _builder_version=&#8221;4.18.0&#8243; _module_preset=&#8221;default&#8221; hover_enabled=&#8221;0&#8243; global_colors_info=&#8221;{}&#8221; sticky_enabled=&#8221;0&#8243;]<h3 style=\"text-align: center\"><span style=\"color: #000000\"><strong>Court and Guard<\/strong><\/span><\/h3>\n<table>\n<tbody>\n<tr>\n<td style=\"border-style: hidden\"><strong>Kammerkona (Chamberlain)<\/strong><br \/><a href=\"mailto:chamberlain@sca-gyldenholt.org\">Lady Juliana de Ellesmere<\/a><\/td>\n<td style=\"border-style: hidden\"><\/td>\n<\/tr>\n<tr>\n<td style=\"border-style: hidden\"><strong>A\u00f0alkonan \u00ed bi\u00f0 (Chief lady in waiting)<\/strong><br \/><a href=\"mailto:cliw@sca-gyldenholt.org\">LH Se\u00f1ora Madelena Leonor Hidalgo de Figueres<\/a><\/td>\n<td style=\"border-style: hidden\"><strong>Var\u00f0skipstj\u1f40ri (Co-Captains of the guard)<\/strong><br \/><a href=\"https:\/\/wp.sca-gyldenholt.org\/guilds-2\/baronial\/their-excellencies\/captain@sca-gyldenholt.org\">Lord Finnr the squinter Gudmundarson\u00a0<\/a><br \/><a href=\"http:\/\/captain@sca-gyldenholt.org\/\">THLord Dafyd ap Tomas<\/a><\/td>\n<\/tr>\n<tr>\n<td style=\"border-style: hidden\"><p><strong>D\u1f40mst\u1f40ll (Court)<\/strong><br \/>Mistress Colette de Montpellier<br \/>THLady Hunith Wen<br \/>Lord Fingin ua Lorccain<br \/>Lady Lijss van den Kerckhove<br \/>Lord Gabriello de Arexio<br \/>Lady Emeline atte More<br \/>Lady Muriel O Dooly<br \/>M\u2019lady Dana Callaghan of Fair Isle<\/p>\n<p><strong>F\u00e9lagi (Companion)<\/strong><br \/>Baroness Morgana Ferrari di Velletri<\/p>\n<\/td>\n<td style=\"border-style: hidden\"><strong>Ver\u00f0ir(Guard)<\/strong><br \/>THLady Valeria Cabrielli<br \/>THLady Livia von Baden<br \/>THLord Rycharde the Bowemon<br \/>Lord Erich der Suchenwirth zum Schwarzenkatze<br \/>Lord Constantine mac Gavin mec Dhomhnuill<br \/>Lord Ulf kjuka bassi<br \/>Lord Reynold Colling<\/td>\n<\/tr>\n<tr>\n<td style=\"border-style: hidden\"><strong>R\u00e1\u00f0gjafa (Advisors)<\/strong><br \/>Duchess Bridget Lucia MacKenzie<br \/>Countess Leonora Morgana<br \/>Countess Ciarlasse MacGregor<br \/>Mistress Ceridwen Killian<\/td>\n<td style=\"border-style: hidden\"><strong>Hafa sko\u00f0anir (They who have opinions)<\/strong><br \/>Master Riordan Robert MacGregor<br \/>Master Rowen Killian<\/td>\n<\/tr>\n<\/tbody>\n<\/table>[\/et_pb_text][\/et_pb_column][\/et_pb_row][\/et_pb_section][et_pb_section fb_built=&#8221;1&#8243; _builder_version=&#8221;4.18.0&#8243; _module_preset=&#8221;default&#8221; global_colors_info=&#8221;{}&#8221;][\/et_pb_section][et_pb_section fb_built=&#8221;1&#8243; fullwidth=&#8221;on&#8221; _builder_version=&#8221;4.18.0&#8243; _module_preset=&#8221;default&#8221; global_colors_info=&#8221;{}&#8221;][\/et_pb_section]\n","protected":false},"excerpt":{"rendered":"<p>BaronJens inn draumspaki Jens was intent upon passing through Iceland to Dublin, (vik,vik), from Daneland on his way to join with the Great Army of 865 under Ivar \u201cthe boneless\u201d Lothbrok. One day at the market as she was deep in thought, Ida literally bumped into Jens and vice versa, as he was preoccupied with [&hellip;]<\/p>\n","protected":false},"author":8,"featured_media":498,"parent":0,"menu_order":0,"comment_status":"closed","ping_status":"closed","template":"","meta":{"_et_pb_use_builder":"on","_et_pb_old_content":"","_et_gb_content_width":"","footnotes":""},"difl_page_category":[],"class_list":["post-395","page","type-page","status-publish","has-post-thumbnail","hentry"],"jetpack_sharing_enabled":true,"_links":{"self":[{"href":"https:\/\/places.sca-caid.org\/gyldenholt\/wp-json\/wp\/v2\/pages\/395","targetHints":{"allow":["GET"]}}],"collection":[{"href":"https:\/\/places.sca-caid.org\/gyldenholt\/wp-json\/wp\/v2\/pages"}],"about":[{"href":"https:\/\/places.sca-caid.org\/gyldenholt\/wp-json\/wp\/v2\/types\/page"}],"author":[{"embeddable":true,"href":"https:\/\/places.sca-caid.org\/gyldenholt\/wp-json\/wp\/v2\/users\/8"}],"replies":[{"embeddable":true,"href":"https:\/\/places.sca-caid.org\/gyldenholt\/wp-json\/wp\/v2\/comments?post=395"}],"version-history":[{"count":0,"href":"https:\/\/places.sca-caid.org\/gyldenholt\/wp-json\/wp\/v2\/pages\/395\/revisions"}],"wp:featuredmedia":[{"embeddable":true,"href":"https:\/\/places.sca-caid.org\/gyldenholt\/wp-json\/wp\/v2\/media\/498"}],"wp:attachment":[{"href":"https:\/\/places.sca-caid.org\/gyldenholt\/wp-json\/wp\/v2\/media?parent=395"}],"wp:term":[{"taxonomy":"difl_page_category","embeddable":true,"href":"https:\/\/places.sca-caid.org\/gyldenholt\/wp-json\/wp\/v2\/difl_page_category?post=395"}],"curies":[{"name":"wp","href":"https:\/\/api.w.org\/{rel}","templated":true}]}}