{"id":407,"date":"2022-04-09T20:13:17","date_gmt":"2022-04-09T20:13:17","guid":{"rendered":"http:\/\/places.sca-caid.org\/barony\/?page_id=407"},"modified":"2022-04-09T20:13:17","modified_gmt":"2022-04-09T20:13:17","slug":"awards","status":"publish","type":"page","link":"https:\/\/places.sca-caid.org\/dreiburgen\/awards\/","title":{"rendered":"Awards"},"content":{"rendered":"<p><div class=\"et_d4_element et_pb_section et_pb_section_0 et_pb_with_background  et_pb_css_mix_blend_mode et_pb_fullwidth_section et_section_regular section_has_divider et_pb_bottom_divider et_block_section\" >\n\t\t\t\t\n\t\t\t\t\n\t\t\t\t\n\t\t\t\t\n\t\t\t\t\n\t\t\t\t\n\t\t\t\t<section class=\"et_pb_module et_d4_element et_pb_fullwidth_header et_pb_fullwidth_header_0  et_pb_css_mix_blend_mode et_pb_text_align_left et_pb_bg_layout_dark\">\n\t\t\t\t\n\t\t\t\t\n\t\t\t\t\n\t\t\t\t\n\t\t\t\t<div class=\"et_pb_fullwidth_header_container left\">\n\t\t\t\t\t<div class=\"header-content-container center\">\n\t\t\t\t\t<div class=\"header-content\">\n\t\t\t\t\t\t\n\t\t\t\t\t\t<h1 class=\"et_pb_module_header\">About Us<\/h1>\n\t\t\t\t\t\t\n\t\t\t\t\t\t<div class=\"et_pb_header_content_wrapper\"><\/div>\n\t\t\t\t\t\t\n\t\t\t\t\t<\/div>\n\t\t\t\t<\/div>\n\t\t\t\t\t\n\t\t\t\t<\/div>\n\t\t\t\t<div class=\"et_pb_fullwidth_header_overlay\"><\/div>\n\t\t\t\t<div class=\"et_pb_fullwidth_header_scroll\"><\/div>\n\t\t\t<\/section>\n\t\t\t\t\n\t\t\t\t<div class=\"et_pb_bottom_inside_divider et-no-transition\"><\/div>\n\t\t\t<\/div><div class=\"et_d4_element et_pb_section et_pb_section_1 et_pb_with_background  et_pb_css_mix_blend_mode et_section_regular et_block_section\" >\n\t\t\t\t\n\t\t\t\t\n\t\t\t\t\n\t\t\t\t\n\t\t\t\t\n\t\t\t\t\n\t\t\t\t<div class=\"et_d4_element et_pb_row et_pb_row_0  et_pb_css_mix_blend_mode et_block_row\">\n\t\t\t\t<div class=\"et_d4_element et_pb_column_1_3 et_pb_column et_pb_column_0  et_pb_css_mix_blend_mode et_block_column\">\n\t\t\t\t\n\t\t\t\t\n\t\t\t\t\n\t\t\t\t\n\t\t\t\t<div class=\"et_pb_module et_d4_element et_pb_text et_pb_text_0  et_pb_text_align_left et_pb_bg_layout_light\">\n\t\t\t\t\n\t\t\t\t\n\t\t\t\t\n\t\t\t\t\n\t\t\t\t<div class=\"et_pb_text_inner\"><h1>Baronial awards<\/h1>\n<p>Through great works in service, arts, or martial.\u00a0 inidviduals withing the society can earn awards.\u00a0 At the Kingdom level these awards can change titles, read more here.<\/p>\n<p>But at the regional level you can achieve awards amongst your group for similar feats of effort.\u00a0 Below is a list of current awards.\u00a0 To recommend an individual for an award you can email the Baronage <a href=\"mailto:baronage@angels.sca-caid.org\">here<\/a>.<\/p><\/div>\n\t\t\t<\/div>\n\t\t\t<\/div><div class=\"et_d4_element et_pb_column_2_3 et_pb_column et_pb_column_1  et_pb_css_mix_blend_mode et-last-child et_block_column\">\n\t\t\t\t\n\t\t\t\t\n\t\t\t\t\n\t\t\t\t\n\t\t\t\t<div class=\"et_pb_module et_d4_element et_pb_image et_pb_image_0\">\n\t\t\t\t\n\t\t\t\t\n\t\t\t\t\n\t\t\t\t\n\t\t\t\t<span class=\"et_pb_image_wrap has-box-shadow-overlay\"><div class=\"box-shadow-overlay\"><\/div><img decoding=\"async\" src=\"http:\/\/places.sca-caid.org\/nordwache\/wp-content\/uploads\/sites\/4\/2022\/10\/celebrating-peasants-painting.jpg\" alt=\"\" title=\"celebrating-peasants-painting\" \/><\/span>\n\t\t\t<\/div>\n\t\t\t<\/div>\n\t\t\t\t\n\t\t\t\t\n\t\t\t\t\n\t\t\t\t\n\t\t\t<\/div>\n\t\t\t\t\n\t\t\t\t\n\t\t\t<\/div><div class=\"et_d4_element et_pb_section et_pb_section_2  et_pb_css_mix_blend_mode et_section_regular et_block_section\" >\n\t\t\t\t\n\t\t\t\t\n\t\t\t\t\n\t\t\t\t\n\t\t\t\t\n\t\t\t\t\n\t\t\t\t<div class=\"et_d4_element et_pb_row et_pb_row_1  et_pb_css_mix_blend_mode et_block_row\">\n\t\t\t\t<div class=\"et_d4_element et_pb_column_1_3 et_pb_column et_pb_column_2  et_pb_css_mix_blend_mode et_block_column\">\n\t\t\t\t\n\t\t\t\t\n\t\t\t\t\n\t\t\t\t\n\t\t\t\t<div class=\"et_pb_module et_d4_element et_pb_team_member et_pb_team_member_0 et_clickable clearfix  et_pb_bg_layout_light et_pb_team_member_no_image\">\n\t\t\t\t\n\t\t\t\t\n\t\t\t\t\n\t\t\t\t\n\t\t\t\t\n\t\t\t\t<div class=\"et_pb_team_member_description\">\n\t\t\t\t\t<h4 class=\"et_pb_module_header\">Order of the Athena<\/h4>\n\t\t\t\t\t<p class=\"et_pb_member_position\">Baronial Service Award<\/p>\n\t\t\t\t\t<div><p>Established in 1974 by Baron Piers Howells de Cambria and Baroness Ximena Aubel de Cambria for service to the Barony.<br \/>Blazon:<em>\u00a0<\/em><em>Gules, the head of Pallas Athena couped and facing sinister argent wearing a full-faced crested Grecian helmet raised Or.<\/em><br \/>*Augmentation to the Order of Athena: Given by Their Excellencies to those whose outstanding service has continued after initial receipt of the Order of Athena.<\/p><\/div>\n\t\t\t\t\t\n\t\t\t\t<\/div>\n\t\t\t<\/div>\n\t\t\t<\/div><div class=\"et_d4_element et_pb_column_1_3 et_pb_column et_pb_column_3  et_pb_css_mix_blend_mode et_block_column\">\n\t\t\t\t\n\t\t\t\t\n\t\t\t\t\n\t\t\t\t\n\t\t\t\t<div class=\"et_pb_module et_d4_element et_pb_team_member et_pb_team_member_1 et_clickable clearfix  et_pb_bg_layout_light et_pb_team_member_no_image\">\n\t\t\t\t\n\t\t\t\t\n\t\t\t\t\n\t\t\t\t\n\t\t\t\t\n\t\t\t\t<div class=\"et_pb_team_member_description\">\n\t\t\t\t\t<h4 class=\"et_pb_module_header\">Order of the Seraph<\/h4>\n\t\t\t\t\t<p class=\"et_pb_member_position\">Baronial Fighting Award<\/p>\n\t\t\t\t\t<div><p><span>Established in 2003 by Baron Jason Thomas the Wanderer and Baroness Morgaine FitzStephen to recognize excellence in the martial arts.<\/span><br \/><span>Blazon:\u00a0<\/span><em>Gules, a seraph\u2019s head Or faced proper.<\/em><br \/><span>*Augmentation to the Order of the Seraph<\/span><strong>:<\/strong><span>\u00a0Given by Their Excellencies to those whose excellence upon the field of honor has continued after initial receipt of the Order of the Seraph.<\/span><\/p><\/div>\n\t\t\t\t\t\n\t\t\t\t<\/div>\n\t\t\t<\/div>\n\t\t\t<\/div><div class=\"et_d4_element et_pb_column_1_3 et_pb_column et_pb_column_4  et_pb_css_mix_blend_mode et-last-child et_block_column\">\n\t\t\t\t\n\t\t\t\t\n\t\t\t\t\n\t\t\t\t\n\t\t\t\t<div class=\"et_pb_module et_d4_element et_pb_team_member et_pb_team_member_2 et_clickable clearfix  et_pb_bg_layout_light et_pb_team_member_no_image\">\n\t\t\t\t\n\t\t\t\t\n\t\t\t\t\n\t\t\t\t\n\t\t\t\t\n\t\t\t\t<div class=\"et_pb_team_member_description\">\n\t\t\t\t\t<h4 class=\"et_pb_module_header\">Order of the Apollo<\/h4>\n\t\t\t\t\t<p class=\"et_pb_member_position\">Baronial Arts Award<\/p>\n\t\t\t\t\t<div><p><span>Established in 2005 by Baron Jason Thomas the Wanderer and Baroness Morgaine FitzStephen to recognize excellence in the Arts &amp; Sciences. These awards are specific to one art, so it is possible to receive more than one Apollo.<\/span><br \/><span>Blazon:\u00a0<\/span><em>Gules, a lyre Or within two wings conjoined argent.<\/em><br \/><span>*Augmentation to the Order of Apollo: Given by Their Excellencies to those whose excellence in the Arts &amp; Sciences has continued after initial receipt of the Order of Apollo.<\/span><\/p><\/div>\n\t\t\t\t\t\n\t\t\t\t<\/div>\n\t\t\t<\/div>\n\t\t\t<\/div>\n\t\t\t\t\n\t\t\t\t\n\t\t\t\t\n\t\t\t\t\n\t\t\t<\/div><div class=\"et_d4_element et_pb_row et_pb_row_2  et_pb_css_mix_blend_mode et_block_row\">\n\t\t\t\t<div class=\"et_d4_element et_pb_column_1_3 et_pb_column et_pb_column_5  et_pb_css_mix_blend_mode et_block_column\">\n\t\t\t\t\n\t\t\t\t\n\t\t\t\t\n\t\t\t\t\n\t\t\t\t<div class=\"et_pb_module et_d4_element et_pb_team_member et_pb_team_member_3 et_clickable clearfix  et_pb_bg_layout_light et_pb_team_member_no_image\">\n\t\t\t\t\n\t\t\t\t\n\t\t\t\t\n\t\t\t\t\n\t\t\t\t\n\t\t\t\t<div class=\"et_pb_team_member_description\">\n\t\t\t\t\t<h4 class=\"et_pb_module_header\">Order of the Seraphic Star<\/h4>\n\t\t\t\t\t<p class=\"et_pb_member_position\">Baronial Lifetime Service Award<\/p>\n\t\t\t\t\t<div><p>This polling order was established in 1971 by Baron S\u00e1rk\u00e1nyi Ger\u00f6 to recognize outstanding service to the Barony. When given, this very special award is bestowed at Angels Yule to recognize those who have served the Barony for many years.<\/p>\n<p>Please send recommendations to the Principal of the Order.<\/p><\/div>\n\t\t\t\t\t\n\t\t\t\t<\/div>\n\t\t\t<\/div>\n\t\t\t<\/div><div class=\"et_d4_element et_pb_column_1_3 et_pb_column et_pb_column_6  et_pb_css_mix_blend_mode et_block_column\">\n\t\t\t\t\n\t\t\t\t\n\t\t\t\t\n\t\t\t\t\n\t\t\t\t<div class=\"et_pb_module et_d4_element et_pb_team_member et_pb_team_member_4 et_clickable clearfix  et_pb_bg_layout_light et_pb_team_member_no_image\">\n\t\t\t\t\n\t\t\t\t\n\t\t\t\t\n\t\t\t\t\n\t\t\t\t\n\t\t\t\t<div class=\"et_pb_team_member_description\">\n\t\t\t\t\t<h4 class=\"et_pb_module_header\">Order of the Virtues<\/h4>\n\t\t\t\t\t<p class=\"et_pb_member_position\">Baronesses Award<\/p>\n\t\t\t\t\t<div><p><span>Established by Baroness Gabrielle nicChlurain, this Order recognizes exceptionally courteous behavior. Please send recommendations to<\/span><br \/><span>Blazon:\u00a0<\/span><em>Pending<\/em><\/p><\/div>\n\t\t\t\t\t\n\t\t\t\t<\/div>\n\t\t\t<\/div>\n\t\t\t<\/div><div class=\"et_d4_element et_pb_column_1_3 et_pb_column et_pb_column_7  et_pb_css_mix_blend_mode et-last-child et_block_column\">\n\t\t\t\t\n\t\t\t\t\n\t\t\t\t\n\t\t\t\t\n\t\t\t\t<div class=\"et_pb_module et_d4_element et_pb_team_member et_pb_team_member_5 et_clickable clearfix  et_pb_bg_layout_light et_pb_team_member_no_image\">\n\t\t\t\t\n\t\t\t\t\n\t\t\t\t\n\t\t\t\t\n\t\t\t\t\n\t\t\t\t<div class=\"et_pb_team_member_description\">\n\t\t\t\t\t<h4 class=\"et_pb_module_header\">Order of the Cherubim<\/h4>\n\t\t\t\t\t<p class=\"et_pb_member_position\">Baronial Youth Award<\/p>\n\t\t\t\t\t<div><p><span>Established in 2003 by Baron Jason Thomas the Wanderer &amp; Baroness Morgaine FitzStephen to recognize service from the Barony\u2019s youth members.<\/span><br \/><span>Blazon:\u00a0<\/span><em>Gules, a child\u2019s head caboshed Or between two wings conjoined in lure argent.<\/em><\/p><\/div>\n\t\t\t\t\t\n\t\t\t\t<\/div>\n\t\t\t<\/div>\n\t\t\t<\/div>\n\t\t\t\t\n\t\t\t\t\n\t\t\t\t\n\t\t\t\t\n\t\t\t<\/div><div class=\"et_d4_element et_pb_row et_pb_row_3  et_pb_css_mix_blend_mode et_block_row\">\n\t\t\t\t<div class=\"et_d4_element et_pb_column_1_3 et_pb_column et_pb_column_8  et_pb_css_mix_blend_mode et_block_column\">\n\t\t\t\t\n\t\t\t\t\n\t\t\t\t\n\t\t\t\t\n\t\t\t\t<div class=\"et_pb_module et_d4_element et_pb_team_member et_pb_team_member_6 et_clickable clearfix  et_pb_bg_layout_light et_pb_team_member_no_image\">\n\t\t\t\t\n\t\t\t\t\n\t\t\t\t\n\t\t\t\t\n\t\t\t\t\n\t\t\t\t<div class=\"et_pb_team_member_description\">\n\t\t\t\t\t<h4 class=\"et_pb_module_header\">Baronial Recognition of Excellence<\/h4>\n\t\t\t\t\t<p class=\"et_pb_member_position\">Baronial Recognition Awared<\/p>\n\t\t\t\t\t<div><p><span>Given at the Baron and Baroness\u2019 discretion for special service or other noteworthy activities.<\/span><\/p><\/div>\n\t\t\t\t\t\n\t\t\t\t<\/div>\n\t\t\t<\/div>\n\t\t\t<\/div><div class=\"et_d4_element et_pb_column_1_3 et_pb_column et_pb_column_9  et_pb_css_mix_blend_mode et_block_column et_pb_column_empty\">\n\t\t\t\t\n\t\t\t\t\n\t\t\t\t\n\t\t\t\t\n\t\t\t\t\n\t\t\t<\/div><div class=\"et_d4_element et_pb_column_1_3 et_pb_column et_pb_column_10  et_pb_css_mix_blend_mode et-last-child et_block_column et_pb_column_empty\">\n\t\t\t\t\n\t\t\t\t\n\t\t\t\t\n\t\t\t\t\n\t\t\t\t\n\t\t\t<\/div>\n\t\t\t\t\n\t\t\t\t\n\t\t\t\t\n\t\t\t\t\n\t\t\t<\/div>\n\t\t\t\t\n\t\t\t\t\n\t\t\t<\/div><div class=\"et_d4_element et_pb_section et_pb_section_3  et_pb_css_mix_blend_mode et_section_regular et_block_section\" >\n\t\t\t\t\n\t\t\t\t\n\t\t\t\t\n\t\t\t\t\n\t\t\t\t\n\t\t\t\t\n\t\t\t\t\n\t\t\t\t\n\t\t\t\t\n\t\t\t<\/div><\/p>\n","protected":false},"excerpt":{"rendered":"","protected":false},"author":1,"featured_media":0,"parent":0,"menu_order":0,"comment_status":"closed","ping_status":"closed","template":"","meta":{"_et_pb_use_builder":"on","_et_pb_old_content":"","_et_gb_content_width":"","footnotes":""},"class_list":["post-407","page","type-page","status-publish","hentry"],"jetpack_sharing_enabled":true,"_links":{"self":[{"href":"https:\/\/places.sca-caid.org\/dreiburgen\/wp-json\/wp\/v2\/pages\/407","targetHints":{"allow":["GET"]}}],"collection":[{"href":"https:\/\/places.sca-caid.org\/dreiburgen\/wp-json\/wp\/v2\/pages"}],"about":[{"href":"https:\/\/places.sca-caid.org\/dreiburgen\/wp-json\/wp\/v2\/types\/page"}],"author":[{"embeddable":true,"href":"https:\/\/places.sca-caid.org\/dreiburgen\/wp-json\/wp\/v2\/users\/1"}],"replies":[{"embeddable":true,"href":"https:\/\/places.sca-caid.org\/dreiburgen\/wp-json\/wp\/v2\/comments?post=407"}],"version-history":[{"count":0,"href":"https:\/\/places.sca-caid.org\/dreiburgen\/wp-json\/wp\/v2\/pages\/407\/revisions"}],"wp:attachment":[{"href":"https:\/\/places.sca-caid.org\/dreiburgen\/wp-json\/wp\/v2\/media?parent=407"}],"curies":[{"name":"wp","href":"https:\/\/api.w.org\/{rel}","templated":true}]}}