{"id":716,"date":"2024-10-15T09:41:50","date_gmt":"2024-10-15T16:41:50","guid":{"rendered":"https:\/\/places.sca-caid.org\/caid\/?page_id=716"},"modified":"2026-04-15T19:42:51","modified_gmt":"2026-04-16T02:42:51","slug":"exchequer-2","status":"publish","type":"page","link":"https:\/\/places.sca-caid.org\/caid\/exchequer-2\/","title":{"rendered":"Exchequer"},"content":{"rendered":"\n<div class=\"et_pb_section_0 et_pb_section et_section_regular et_block_section\"><div class=\"et_pb_row_0 et_pb_row et_block_row\"><div class=\"et_pb_column_0 et_pb_column et_pb_column_2_3 et_block_column et_pb_css_mix_blend_mode_passthrough\"><div class=\"et_pb_text_0 et_pb_text et_pb_bg_layout_dark et_animated et_pb_module et_block_module\"><div class=\"et_pb_text_inner\"><h1>Exchequer of Caid<\/h1>\n<\/div><\/div><\/div><div class=\"et_pb_column_1 et_pb_column et_pb_column_1_3 et-last-child et_block_column et_pb_column_empty et_pb_css_mix_blend_mode_passthrough\"><\/div><\/div><\/div><div class=\"et_pb_section_1 et_pb_section et_section_regular et_block_section\"><div class=\"et_pb_row_1 et_pb_row et_block_row\"><div class=\"et_pb_column_2 et_pb_column et_pb_column_4_4 et-last-child et_block_column et_pb_css_mix_blend_mode_passthrough\"><div class=\"et_pb_filterable_portfolio_0 et_pb_filterable_portfolio et_pb_bg_layout_dark et_pb_text_align_center et_pb_portfolio et_pb_module\" data-posts-number=\"20\"><div class=\"et_pb_portfolio_filters clearfix\"><ul class=\"clearfix\"><li class=\"et_pb_portfolio_filter et_pb_portfolio_filter_all\"><a href=\"#\" class=\"active\" data-category-slug=\"all\">All<\/a><\/li><li class=\"et_pb_portfolio_filter\"><a href=\"#\" data-category-slug=\"exchequer-forms\">Exchequer<\/a><\/li><li class=\"et_pb_portfolio_filter\"><a href=\"#\" data-category-slug=\"misc\">Misc<\/a><\/li><\/ul><\/div><div class=\"et_pb_portfolio_items_wrapper clearfix\"><div class=\"et_pb_portfolio_items et_pb_posts et_grid_module\"><div class=\"et_pb_filterable_portfolio_item_0_0 post-123172 project type-project status-publish hentry project_category-investigation-faqs project_category-misc project_category-seneschal-handbooks project_category-seneschal-investigations project_category-seneschal-processes project_category-society-seneschal et_pb_portfolio_item project_category_investigation-faqs project_category_misc project_category_seneschal-handbooks project_category_seneschal-investigations project_category_seneschal-processes project_category_society-seneschal\" id=\"123172\"><h2 class=\"et_pb_module_header\"><a href=\"https:\/\/places.sca-caid.org\/caid\/project\/conduct-behavior-in-the-sca\/\" title=\"Conduct &amp; Behavior in the SCA\">Conduct &amp; Behavior in the SCA<\/a><\/h2><\/div><div class=\"et_pb_filterable_portfolio_item_0_1 post-3004 project type-project status-publish hentry project_category-exchequer-forms et_pb_portfolio_item project_category_exchequer-forms\" id=\"3004\"><h2 class=\"et_pb_module_header\"><a href=\"https:\/\/places.sca-caid.org\/caid\/project\/nmr-worksheet-rev1\/\" title=\"NMR Worksheet (Rev1)\">NMR Worksheet (Rev1)<\/a><\/h2><\/div><div class=\"et_pb_filterable_portfolio_item_0_2 post-3001 project type-project status-publish hentry project_category-exchequer-forms et_pb_portfolio_item project_category_exchequer-forms\" id=\"3001\"><h2 class=\"et_pb_module_header\"><a href=\"https:\/\/places.sca-caid.org\/caid\/project\/gate-income-reconciliation-form\/\" title=\"Gate Income Reconciliation Form\">Gate Income Reconciliation Form<\/a><\/h2><\/div><div class=\"et_pb_filterable_portfolio_item_0_3 post-2998 project type-project status-publish hentry project_category-exchequer-forms et_pb_portfolio_item project_category_exchequer-forms\" id=\"2998\"><h2 class=\"et_pb_module_header\"><a href=\"https:\/\/places.sca-caid.org\/caid\/project\/funds-transfer-form\/\" title=\"Funds Transfer Form\">Funds Transfer Form<\/a><\/h2><\/div><div class=\"et_pb_filterable_portfolio_item_0_4 post-2995 project type-project status-publish hentry project_category-exchequer-forms et_pb_portfolio_item project_category_exchequer-forms\" id=\"2995\"><h2 class=\"et_pb_module_header\"><a href=\"https:\/\/places.sca-caid.org\/caid\/project\/financial-warrant-form-2\/\" title=\"Financial Warrant Request Form\">Financial Warrant Request Form<\/a><\/h2><\/div><div class=\"et_pb_filterable_portfolio_item_0_5 post-2989 project type-project status-publish hentry project_category-exchequer-forms et_pb_portfolio_item project_category_exchequer-forms\" id=\"2989\"><h2 class=\"et_pb_module_header\"><a href=\"https:\/\/places.sca-caid.org\/caid\/project\/financial-warrant-form\/\" title=\"Financial Warrant Form\">Financial Warrant Form<\/a><\/h2><\/div><div class=\"et_pb_filterable_portfolio_item_0_6 post-2985 project type-project status-publish hentry project_category-exchequer-forms et_pb_portfolio_item project_category_exchequer-forms\" id=\"2985\"><h2 class=\"et_pb_module_header\"><a href=\"https:\/\/places.sca-caid.org\/caid\/project\/event-budget-worksheet\/\" title=\"Event Budget Worksheet\">Event Budget Worksheet<\/a><\/h2><\/div><div class=\"et_pb_filterable_portfolio_item_0_7 post-2982 project type-project status-publish hentry project_category-exchequer-forms et_pb_portfolio_item project_category_exchequer-forms\" id=\"2982\"><h2 class=\"et_pb_module_header\"><a href=\"https:\/\/places.sca-caid.org\/caid\/project\/donation-receipt\/\" title=\"Donation Receipt\">Donation Receipt<\/a><\/h2><\/div><div class=\"et_pb_filterable_portfolio_item_0_8 post-2978 project type-project status-publish hentry project_category-exchequer-forms et_pb_portfolio_item project_category_exchequer-forms\" id=\"2978\"><h2 class=\"et_pb_module_header\"><a href=\"https:\/\/places.sca-caid.org\/caid\/project\/check-request-reimbursement-form-2\/\" title=\"Deposit Form\">Deposit Form<\/a><\/h2><\/div><div class=\"et_pb_filterable_portfolio_item_0_9 post-2968 project type-project status-publish hentry project_category-exchequer-forms et_pb_portfolio_item project_category_exchequer-forms\" id=\"2968\"><h2 class=\"et_pb_module_header\"><a href=\"https:\/\/places.sca-caid.org\/caid\/project\/check-request-reimbursement-form\/\" title=\"Check Request &#8211; Reimbursement Form\">Check Request &#8211; Reimbursement Form<\/a><\/h2><\/div><div class=\"et_pb_filterable_portfolio_item_0_10 post-2964 project type-project status-publish hentry project_category-exchequer-forms et_pb_portfolio_item project_category_exchequer-forms\" id=\"2964\"><h2 class=\"et_pb_module_header\"><a href=\"https:\/\/places.sca-caid.org\/caid\/project\/cash-change-of-custody-form\/\" title=\"Cash Change of Custody Form\">Cash Change of Custody Form<\/a><\/h2><\/div><div class=\"et_pb_filterable_portfolio_item_0_11 post-2096 project type-project status-publish hentry project_category-misc et_pb_portfolio_item project_category_misc\" id=\"2096\"><h2 class=\"et_pb_module_header\"><a href=\"https:\/\/places.sca-caid.org\/caid\/project\/sca-warrant-of-appointment-to-office\/\" title=\"SCA Warrant of Appointment to Office\">SCA Warrant of Appointment to Office<\/a><\/h2><\/div><div class=\"et_pb_filterable_portfolio_item_0_12 post-2092 project type-project status-publish hentry project_category-misc et_pb_portfolio_item project_category_misc\" id=\"2092\"><h2 class=\"et_pb_module_header\"><a href=\"https:\/\/places.sca-caid.org\/caid\/project\/caidian-agreement-to-serve-form\/\" title=\"Caidian Agreement to Serve Form\">Caidian Agreement to Serve Form<\/a><\/h2><\/div><div class=\"et_pb_filterable_portfolio_item_0_13 post-1912 project type-project status-publish hentry project_category-exchequer-forms et_pb_portfolio_item project_category_exchequer-forms\" id=\"1912\"><h2 class=\"et_pb_module_header\"><a href=\"https:\/\/places.sca-caid.org\/caid\/project\/society-501c-np-status\/\" title=\"Society 501c NP Status\">Society 501c NP Status<\/a><\/h2><\/div><div class=\"et_pb_filterable_portfolio_item_0_14 post-1909 project type-project status-publish hentry project_category-exchequer-forms et_pb_portfolio_item project_category_exchequer-forms\" id=\"1909\"><h2 class=\"et_pb_module_header\"><a href=\"https:\/\/places.sca-caid.org\/caid\/project\/exchequer-handbook\/\" title=\"Exchequer Handbook\">Exchequer Handbook<\/a><\/h2><\/div><div class=\"et_pb_filterable_portfolio_item_0_15 post-1906 project type-project status-publish hentry project_category-exchequer-forms et_pb_portfolio_item project_category_exchequer-forms\" id=\"1906\"><h2 class=\"et_pb_module_header\"><a href=\"https:\/\/places.sca-caid.org\/caid\/project\/exchequer-society-financial-policy\/\" title=\"Exchequer Society Financial Policy\">Exchequer Society Financial Policy<\/a><\/h2><\/div><div class=\"et_pb_filterable_portfolio_item_0_16 post-1902 project type-project status-publish hentry project_category-exchequer-forms et_pb_portfolio_item project_category_exchequer-forms\" id=\"1902\"><h2 class=\"et_pb_module_header\"><a href=\"https:\/\/places.sca-caid.org\/caid\/project\/exchequer-caidian-financial-policy\/\" title=\"Exchequer Caidian Financial Policy\">Exchequer Caidian Financial Policy<\/a><\/h2><\/div><\/div><\/div><div class=\"et_pb_portofolio_pagination clearfix\"><\/div><\/div><\/div><\/div><\/div><div class=\"et_pb_section_2 et_pb_section et_section_regular et_block_section\"><div class=\"et_pb_row_3 et_pb_row et_pb_gutters2 et_block_row\"><div class=\"et_pb_column_7 et_pb_column et_pb_column_4_4 et-last-child et_block_column et_pb_css_mix_blend_mode_passthrough\"><div class=\"et_pb_text_9 et_pb_text et_pb_bg_layout_light et_pb_module et_block_module\"><div class=\"et_pb_text_inner\"><h2><span class=\"s1\">Kingdom Exchequers<\/span><\/h2>\n<p><span class=\"s1\"><\/span><\/p>\n<\/div><\/div><\/div><\/div><div class=\"et_pb_row_4 et_pb_row et_block_row\"><div class=\"et_pb_column_8 et_pb_column et_pb_column_1_2 et_block_column et_pb_css_mix_blend_mode_passthrough\"><div class=\"et_pb_team_member_0 et_pb_team_member et_pb_bg_layout_light et_pb_module et_block_module\"><div class=\"et_pb_team_member_image et-waypoint et_pb_animation_off\"><img loading=\"lazy\" decoding=\"async\" src=\"https:\/\/places.sca-caid.org\/caid\/wp-content\/uploads\/sites\/18\/2025\/12\/Bridget.jpg\" alt=\"Duchess Bridget Lucia MacKenzie\" width=\"1536\" height=\"2048\" srcset=\"https:\/\/places.sca-caid.org\/caid\/wp-content\/uploads\/sites\/18\/2025\/12\/Bridget.jpg 1536w, https:\/\/places.sca-caid.org\/caid\/wp-content\/uploads\/sites\/18\/2025\/12\/Bridget-1280x1707.jpg 1280w, https:\/\/places.sca-caid.org\/caid\/wp-content\/uploads\/sites\/18\/2025\/12\/Bridget-980x1307.jpg 980w, https:\/\/places.sca-caid.org\/caid\/wp-content\/uploads\/sites\/18\/2025\/12\/Bridget-480x640.jpg 480w\" sizes=\"(min-width: 0px) and (max-width: 480px) 480px, (min-width: 481px) and (max-width: 980px) 980px, (min-width: 981px) and (max-width: 1280px) 1280px, (min-width: 1281px) 1536px, 100vw\" class=\"wp-image-123288\" \/><\/div><div class=\"et_pb_team_member_description\"><h4 class=\"et_pb_module_header\">Duchess Bridget Lucia MacKenzie<\/h4><p class=\"et_pb_member_position\">Kingdom Exchequer<\/p><div class=\"et_pb_team_member_description_content\"><p><a href=\"mailto:exchequer@sca-caid.org\"><span><strong>exchequer@sca-caid.org<\/strong><\/span><\/a><\/p>\n<\/div><\/div><\/div><\/div><div class=\"et_pb_column_9 et_pb_column et_pb_column_1_2 et-last-child et_block_column et_pb_column_empty et_pb_css_mix_blend_mode_passthrough\"><\/div><\/div><div class=\"et_pb_row_5 et_pb_row et_pb_row_6col et_pb_gutters2 et_block_row et_block_row_6col\"><div class=\"et_pb_column_10 et_pb_column et_pb_column_1_6 et_block_column et_pb_css_mix_blend_mode_passthrough\"><div class=\"et_pb_text_10 et_pb_text et_pb_bg_layout_light et_pb_module et_block_module\"><div class=\"et_pb_text_inner\"><p><strong>Cellarer<\/strong><br \/><strong><a href=\"mailto:regalia@sca-caid.org\">Vacant<\/a><\/strong><\/p>\n<\/div><\/div><\/div><div class=\"et_pb_column_11 et_pb_column et_pb_column_1_6 et_block_column et_pb_css_mix_blend_mode_passthrough\"><div class=\"et_pb_text_11 et_pb_text et_pb_bg_layout_light et_pb_module et_block_module\"><div class=\"et_pb_text_inner\"><p><strong>Regalia Officer<\/strong><br \/><strong><a href=\"mailto:regalia@sca-caid.org\">Duchess St\u00e6ina H\u00e1lfdanard\u00f3ttir<\/a><\/strong><\/p>\n<\/div><\/div><\/div><div class=\"et_pb_column_12 et_pb_column et_pb_column_1_6 et_block_column et_pb_css_mix_blend_mode_passthrough\"><\/div><div class=\"et_pb_column_13 et_pb_column et_pb_column_1_6 et_block_column et_pb_css_mix_blend_mode_passthrough\"><\/div><div class=\"et_pb_column_14 et_pb_column et_pb_column_1_6 et_block_column et_pb_css_mix_blend_mode_passthrough\"><\/div><div class=\"et_pb_column_15 et_pb_column et_pb_column_1_6 et-last-child et_block_column et_pb_css_mix_blend_mode_passthrough\"><\/div><\/div><\/div>\n","protected":false},"excerpt":{"rendered":"","protected":false},"author":1,"featured_media":0,"parent":0,"menu_order":0,"comment_status":"closed","ping_status":"closed","template":"","meta":{"advanced_seo_description":"","jetpack_seo_html_title":"","jetpack_seo_noindex":false,"footnotes":""},"class_list":["post-716","page","type-page","status-publish","hentry"],"jetpack_sharing_enabled":true,"_links":{"self":[{"href":"https:\/\/places.sca-caid.org\/caid\/wp-json\/wp\/v2\/pages\/716","targetHints":{"allow":["GET"]}}],"collection":[{"href":"https:\/\/places.sca-caid.org\/caid\/wp-json\/wp\/v2\/pages"}],"about":[{"href":"https:\/\/places.sca-caid.org\/caid\/wp-json\/wp\/v2\/types\/page"}],"author":[{"embeddable":true,"href":"https:\/\/places.sca-caid.org\/caid\/wp-json\/wp\/v2\/users\/1"}],"replies":[{"embeddable":true,"href":"https:\/\/places.sca-caid.org\/caid\/wp-json\/wp\/v2\/comments?post=716"}],"version-history":[{"count":2,"href":"https:\/\/places.sca-caid.org\/caid\/wp-json\/wp\/v2\/pages\/716\/revisions"}],"predecessor-version":[{"id":123465,"href":"https:\/\/places.sca-caid.org\/caid\/wp-json\/wp\/v2\/pages\/716\/revisions\/123465"}],"wp:attachment":[{"href":"https:\/\/places.sca-caid.org\/caid\/wp-json\/wp\/v2\/media?parent=716"}],"curies":[{"name":"wp","href":"https:\/\/api.w.org\/{rel}","templated":true}]}}